{"id":444,"date":"2017-11-07T14:27:23","date_gmt":"2017-11-07T13:27:23","guid":{"rendered":"http:\/\/nimacare.se\/produkt\/nima-toppmadrass-visco-hygien-90x200x6-cm\/"},"modified":"2017-11-07T14:27:23","modified_gmt":"2017-11-07T13:27:23","slug":"nima-toppmadrass-visco-hygien-90x200x6-cm","status":"publish","type":"product","link":"https:\/\/www.nimacare.se\/no\/produkt\/nima-toppmadrass-visco-hygien-90x200x6-cm\/","title":{"rendered":"Nima Toppmadrass Visco Hygien 90x200x6 cm"},"content":{"rendered":"","protected":false},"excerpt":{"rendered":"<p>Trycks\u00e5rsf\u00f6rebyggande och behandlande Toppmadrass.<\/p>\n<p>Det viscoelastiska skummet ger ett bekv\u00e4mt och tryckavlastande toppskikt f\u00f6r de brukare som \u00e4r tryckk\u00e4nsliga eller som har risk f\u00f6r eller har f\u00e5tt trycks\u00e5r.<\/p>\n<p>\u00c5ngpermeabelt hygien\u00f6verdrag med handtag p\u00e5 l\u00e5ngsidorna.<\/p>\n","protected":false},"featured_media":891,"template":"","meta":[],"product_cat":[74],"product_tag":[],"class_list":{"0":"post-444","1":"product","2":"type-product","3":"status-publish","4":"has-post-thumbnail","6":"product_cat-madrasser-no","8":"first","9":"instock","10":"taxable","11":"shipping-taxable","12":"purchasable","13":"product-type-simple"},"_links":{"self":[{"href":"https:\/\/www.nimacare.se\/no\/wp-json\/wp\/v2\/product\/444"}],"collection":[{"href":"https:\/\/www.nimacare.se\/no\/wp-json\/wp\/v2\/product"}],"about":[{"href":"https:\/\/www.nimacare.se\/no\/wp-json\/wp\/v2\/types\/product"}],"wp:featuredmedia":[{"embeddable":true,"href":"https:\/\/www.nimacare.se\/no\/wp-json\/wp\/v2\/media\/891"}],"wp:attachment":[{"href":"https:\/\/www.nimacare.se\/no\/wp-json\/wp\/v2\/media?parent=444"}],"wp:term":[{"taxonomy":"product_cat","embeddable":true,"href":"https:\/\/www.nimacare.se\/no\/wp-json\/wp\/v2\/product_cat?post=444"},{"taxonomy":"product_tag","embeddable":true,"href":"https:\/\/www.nimacare.se\/no\/wp-json\/wp\/v2\/product_tag?post=444"}],"curies":[{"name":"wp","href":"https:\/\/api.w.org\/{rel}","templated":true}]}}