{"id":1148,"date":"2019-12-17T13:00:14","date_gmt":"2019-12-17T12:00:14","guid":{"rendered":"https:\/\/www.nimacare.se\/produkt\/nima-kub-visco\/"},"modified":"2019-12-17T13:00:14","modified_gmt":"2019-12-17T12:00:14","slug":"nima-kub-visco","status":"publish","type":"product","link":"https:\/\/www.nimacare.se\/no\/produkt\/nima-kub-visco\/","title":{"rendered":"Nima Kub visco"},"content":{"rendered":"<p>Luftig och mjuk dyna med bendelare<br \/>\nPositioneringsst\u00f6d och extra tryckavlastning av viscoskum i sittgropen.<\/p>\n<p>Dynan \u00e4r uppbyggd av fyra olika sorters skum samt ett extramjukt distans\u00f6verdrag f\u00f6r att skapa en dyna som andas v\u00e4ldigt v\u00e4l och \u00e4r l\u00e4mplig h\u00f6g tryckk\u00e4nsliga brukare och brukare med risk f\u00f6r trycks\u00e5r.<\/p>\n<p>Distans\u00f6verdrag i 3D Mesh.<\/p>\n<p>Dynan \u00e4r 8,5 cm h\u00f6g i storlekar \u00f6ver 35&#215;35 cm<\/p>\n<p>Dynan \u00e4r 6 cm h\u00f6g i storlekar under 35&#215;35 cm<\/p>\n<p>&nbsp;<\/p>\n","protected":false},"excerpt":{"rendered":"<p><img loading=\"lazy\" decoding=\"async\" class=\"aligncenter size-medium wp-image-991\" src=\"https:\/\/www.nimacare.se\/wp-content\/uploads\/2019\/12\/Bild-Nima-Kub-Visco-300x153.jpg\" alt=\"\" width=\"300\" height=\"153\" \/><\/p>\n","protected":false},"featured_media":1035,"template":"","meta":[],"product_cat":[75,162,76,81],"product_tag":[],"class_list":{"0":"post-1148","1":"product","2":"type-product","3":"status-publish","4":"has-post-thumbnail","6":"product_cat-rullestol-puter","7":"product_cat-rullstolsdynor-tryckavlastande-no","8":"product_cat-puter","9":"product_cat-trykkavlastningsputer","11":"first","12":"instock","13":"taxable","14":"shipping-taxable","15":"purchasable","16":"product-type-simple"},"_links":{"self":[{"href":"https:\/\/www.nimacare.se\/no\/wp-json\/wp\/v2\/product\/1148"}],"collection":[{"href":"https:\/\/www.nimacare.se\/no\/wp-json\/wp\/v2\/product"}],"about":[{"href":"https:\/\/www.nimacare.se\/no\/wp-json\/wp\/v2\/types\/product"}],"wp:featuredmedia":[{"embeddable":true,"href":"https:\/\/www.nimacare.se\/no\/wp-json\/wp\/v2\/media\/1035"}],"wp:attachment":[{"href":"https:\/\/www.nimacare.se\/no\/wp-json\/wp\/v2\/media?parent=1148"}],"wp:term":[{"taxonomy":"product_cat","embeddable":true,"href":"https:\/\/www.nimacare.se\/no\/wp-json\/wp\/v2\/product_cat?post=1148"},{"taxonomy":"product_tag","embeddable":true,"href":"https:\/\/www.nimacare.se\/no\/wp-json\/wp\/v2\/product_tag?post=1148"}],"curies":[{"name":"wp","href":"https:\/\/api.w.org\/{rel}","templated":true}]}}