{"id":388,"date":"2017-11-07T15:44:59","date_gmt":"2017-11-07T14:44:59","guid":{"rendered":"http:\/\/nimacare.se\/reklamasjoner\/"},"modified":"2023-02-09T11:44:13","modified_gmt":"2023-02-09T10:44:13","slug":"reklamasjoner","status":"publish","type":"page","link":"https:\/\/www.nimacare.se\/no\/reklamasjoner\/","title":{"rendered":"Reklamasjoner"},"content":{"rendered":"<p>Reklamasjoner kan gj\u00f8res ved \u00e5 sende en e-post til: info@nimacare.se<\/p>\n<p>Eller ved \u00e5 ringe: +46 706355070<\/p>\n","protected":false},"excerpt":{"rendered":"<p>Reklamasjoner kan gj\u00f8res ved \u00e5 sende en e-post til: info@nimacare.se Eller ved \u00e5 ringe: +46 706355070<\/p>\n","protected":false},"author":4,"featured_media":0,"parent":0,"menu_order":0,"comment_status":"closed","ping_status":"closed","template":"","meta":{"footnotes":""},"class_list":["post-388","page","type-page","status-publish","hentry"],"_links":{"self":[{"href":"https:\/\/www.nimacare.se\/no\/wp-json\/wp\/v2\/pages\/388"}],"collection":[{"href":"https:\/\/www.nimacare.se\/no\/wp-json\/wp\/v2\/pages"}],"about":[{"href":"https:\/\/www.nimacare.se\/no\/wp-json\/wp\/v2\/types\/page"}],"author":[{"embeddable":true,"href":"https:\/\/www.nimacare.se\/no\/wp-json\/wp\/v2\/users\/4"}],"replies":[{"embeddable":true,"href":"https:\/\/www.nimacare.se\/no\/wp-json\/wp\/v2\/comments?post=388"}],"version-history":[{"count":2,"href":"https:\/\/www.nimacare.se\/no\/wp-json\/wp\/v2\/pages\/388\/revisions"}],"predecessor-version":[{"id":1145,"href":"https:\/\/www.nimacare.se\/no\/wp-json\/wp\/v2\/pages\/388\/revisions\/1145"}],"wp:attachment":[{"href":"https:\/\/www.nimacare.se\/no\/wp-json\/wp\/v2\/media?parent=388"}],"curies":[{"name":"wp","href":"https:\/\/api.w.org\/{rel}","templated":true}]}}