{"id":387,"date":"2017-11-07T15:44:11","date_gmt":"2017-11-07T14:44:11","guid":{"rendered":"http:\/\/nimacare.se\/produktfilosofi\/"},"modified":"2017-11-07T15:44:11","modified_gmt":"2017-11-07T14:44:11","slug":"produktfilosofi","status":"publish","type":"page","link":"https:\/\/www.nimacare.se\/no\/produktfilosofi\/","title":{"rendered":"Produktfilosofi"},"content":{"rendered":"<p>En rullestolpute kan i utgangspunktet framst\u00e5 som et veldig enkelt produkt. En kommentar vi ofte h\u00f8rer er at det bare er en pute man sitter p\u00e5, hvor komplisert kan den v\u00e6re?<br \/>\nMan m\u00e5 tenke p\u00e5 at rullestolputen er en meget viktig del av brukerens liv ettersom puten er produktet som &laquo;b\u00e6rer&raquo; brukerens kropp inntil 16 timer om dagen, gjennom hele livet. Kroppen er ikke laget for \u00e5 b\u00e6re et slikt trykk p\u00e5 seg, verken p\u00e5 halebeinet, setemuskulaturen, huden, skjelettet eller ryggmuskulaturen. Dette gj\u00f8r at selv den minste feil, spesifikt trykk eller fukt og varmeansamling kan f\u00f8re til et lite s\u00e5r i huden eller problemer med ryggen og musklene.<br \/>\nEttersom brukeren ikke kan avlaste det skadede omr\u00e5det ved \u00e5 &laquo;slutte \u00e5 sitte&raquo;, slik at det kan leges, vil noe som i utgangspunket er en bagatellmessig hudirritasjon f\u00f8re til at brukeren f\u00e5r voldsomme sittes\u00e5r eller kanskje blir n\u00f8dt til \u00e5 v\u00e6re sengeliggende p\u00e5 magen helt til s\u00e5ret er leget.<\/p>\n<p>Vi mener at den ultimate puten skal v\u00e6re behagelig, myk, trykkfordelende og avlastende, samt stabil og posisjonerende. Det er ogs\u00e5 veldig viktig at puten kan puste, noe som inneb\u00e6rer at fukt og varme hurtig f\u00f8res bort fra kroppen for \u00e5 unng\u00e5 at huden blir myk (som etter et bad). Skulle dette ikke skje, vil huden bli overf\u00f8lsom og skadet. Samtidig skal man ogs\u00e5 v\u00e6re klar over at mange brukere har problemer med inkontinens. Dette betyr at mange puter m\u00e5 v\u00e6re \u201dvanntette\u201d.<\/p>\n<p>Flere av tilfellene nevnt ovenfor motsier \u00e5penbart seg selv. Hvordan kan en pute avlaste en kroppsdel uten \u00e5 belaste en annen? Hvordan kan den v\u00e6re myk og fortsatt stabil, eller v\u00e6re inkontinensbeskyttet men fortsatt optimert for luftgjennomstr\u00f8mming (pusting) ? Sannheten er at en pute ikke kan gj\u00f8re alt dette uten at man setter den enkelte bruker i fokus og finner ut hvilken pute som passer vedkommende. Er behovet for stabilitet viktigere enn trykkfordeling? Er inkontinensbeskyttelsen viktigere enn behovet for luftgjennomstr\u00f8mming? All dette gj\u00f8r rullestolputen, som i utgangspuntket framst\u00e5r som et enkelt produkt, meget komplisert.<\/p>\n<p>Vi mener at det er visse sannheter som alle brukere av rullestolputer b\u00f8r kjenne til:<\/p>\n<ul>\n<li>Puten m\u00e5 kunne puste, hvis ikke blir huden irritert p\u00e5 noen f\u00e5 minutter. I det lange l\u00f8p f\u00f8rer dette til store skader.<\/li>\n<li>Den vanntette inkontinensbeskyttelsen er der for \u00e5 beskytte puten, ikke brukeren. Det er ingen inkontinensbeskyttere som puster like bra som vanlig materiale. Det fins til og med helt avlukkede inkontinensbeskyttere, f.eks. gallon som ikke puster i det hele tatt. Alle som en gang har sittet p\u00e5 en stol av plast eller gummi kjenner igjen f\u00f8lelsen av ubehag og at buksene er gjennomv\u00e5te n\u00e5r man reiser seg opp. Pr\u00f8v derfor \u00e5 forestille dere hvordan det er \u00e5 sitte hele dagen p\u00e5 dette materialet i l\u00f8pet av en varm sommerdag. Det f\u00f8rer til at huden blir fuktig og f\u00f8lsom, f\u00f8r den skades, og brukeren blir sengeliggende. Dette kan virke \u00e5penbart, men en betydelig del av svenske rullestolbrukere sitter i dag p\u00e5 gummi eller plast. Vi mener at det b\u00f8r v\u00e6re totalforbud mot denne type underlag, med mulige unntak i dusjrom og badeanlegg.<\/li>\n<li>B\u00e5de selve puten og overtrekket m\u00e5 v\u00e6re i stand til \u00e5 puste. Det har ingen hensikt at overtrekket puster hvis puten ikke gj\u00f8r det, og vice versa. Hvis ikke, blir effekten at kroppen ikke puster, samt at varme og fukt ikke fjernes fra sitteoverflaten, noe som igjen f\u00f8rer til skade p\u00e5 brukerens hud.<\/li>\n<li>Man m\u00e5 belaste en del av kroppen for \u00e5 kunne avlaste en annen. Betegnelsen &laquo;trykkavlastende pute&raquo; er helt ulogisk hvis det ikke f\u00f8lger med en beskrivelse av hvilken del som avlastes n\u00e5r man sitter ned. En person p\u00e5 70 kg m\u00e5, p\u00e5 et eller annet sted, belaste sitteputen med 70 kg. For at f.eks. seteballene skal kunne avlastes, m\u00e5 andre deler av sitteoverflaten belastes mer.<\/li>\n<li>Forebygging av problemer er mye lettere, billigere, og inneb\u00e6rer mindre lidelse enn \u00e5 behandle problemer som har oppst\u00e5tt. Hvis vi som ikke sitter i rullestol f\u00e5r tresmak i baken, tar vi oss en g\u00e5tur, slik at vi kan avlaste setemuskulaturen og belaste f\u00f8ttene. En person som sitter i rullestol har ikke dette alternativet, utenom \u00e5 ligge p\u00e5 en seng. Dette gj\u00f8r at et lite s\u00e5r under f.eks. seteballene kan binde rullestolbrukeren til sengen i flere uker mens s\u00e5ret leges. Dette er helt un\u00f8dvendig ettersom en riktig pute kunne ha forebygget s\u00e5ret slik at det ikke ville ha utviklet seg.<\/li>\n<\/ul>\n<p>Hos Sj\u00f6bergsdynan jobber vi hele tiden med \u00e5 lage puter og overtrekk som dekker brukernes behov. Vi mener at putens viktigste oppgaver er \u00e5 reise opp, stabilisere, avlaste og posisjonere brukeren. I tillegg er det viktig at den puster slik at sittes\u00e5r unng\u00e5s.<br \/>\nV\u00e5re puter er laget av polyuretanskum og viskoelastisk skum. Dette er materialer som puster meget bra samtidig som de er myke, b\u00e6rekraftige, stabile og holdbare. Vi mener derfor at dette er de beste materialene som kan brukes.<br \/>\nVi mener at overtrekkets viktigste oppgave er \u00e5 holde brukeren fast i stolen. I tillegg skal det v\u00e6re behagelig \u00e5 sitte p\u00e5 og puste p\u00e5 en god m\u00e5te. Vi fors\u00f8ker \u00e5 utvikle to ulike typer overtrekk; Inkontinensbeskyttende overtrekk med maksimal pustekapasitet, samt vanlige, ikke-inkontinensbeskyttende overtrekk med maksimal pustekapasitet.<br \/>\nI l\u00f8pet av de seneste \u00e5rene har det skjedd mye innenfor materialutviklingen. Det aller viktigste er utviklingen av materialer som puster, selv om de er vanntette (de fleste kjenner til Gore-Tex og lignende materiale). Dette er viktig for oss som produserer rullestolputer ettersom det gj\u00f8r det mulig \u00e5 lage produkter som puster selv om de er beskyttet mot inkontinens.<\/p>\n","protected":false},"excerpt":{"rendered":"<p>En rullestolpute kan i utgangspunktet framst\u00e5 som et veldig enkelt produkt. En kommentar vi ofte h\u00f8rer er at det bare er en pute man sitter p\u00e5, hvor komplisert kan den v\u00e6re? Man m\u00e5 tenke p\u00e5 at rullestolputen er en meget viktig del av brukerens liv ettersom puten er produktet som &laquo;b\u00e6rer&raquo; brukerens kropp inntil 16&hellip;<\/p>\n","protected":false},"author":4,"featured_media":0,"parent":0,"menu_order":0,"comment_status":"closed","ping_status":"closed","template":"","meta":{"footnotes":""},"class_list":["post-387","page","type-page","status-publish","hentry"],"_links":{"self":[{"href":"https:\/\/www.nimacare.se\/no\/wp-json\/wp\/v2\/pages\/387"}],"collection":[{"href":"https:\/\/www.nimacare.se\/no\/wp-json\/wp\/v2\/pages"}],"about":[{"href":"https:\/\/www.nimacare.se\/no\/wp-json\/wp\/v2\/types\/page"}],"author":[{"embeddable":true,"href":"https:\/\/www.nimacare.se\/no\/wp-json\/wp\/v2\/users\/4"}],"replies":[{"embeddable":true,"href":"https:\/\/www.nimacare.se\/no\/wp-json\/wp\/v2\/comments?post=387"}],"version-history":[{"count":0,"href":"https:\/\/www.nimacare.se\/no\/wp-json\/wp\/v2\/pages\/387\/revisions"}],"wp:attachment":[{"href":"https:\/\/www.nimacare.se\/no\/wp-json\/wp\/v2\/media?parent=387"}],"curies":[{"name":"wp","href":"https:\/\/api.w.org\/{rel}","templated":true}]}}