{"id":386,"date":"2017-11-07T15:42:36","date_gmt":"2017-11-07T14:42:36","guid":{"rendered":"http:\/\/nimacare.se\/miljopavirkning\/"},"modified":"2023-02-09T10:09:47","modified_gmt":"2023-02-09T09:09:47","slug":"miljopavirkning","status":"publish","type":"page","link":"https:\/\/www.nimacare.se\/no\/miljopavirkning\/","title":{"rendered":"Milj\u00f8p\u00e5virkning"},"content":{"rendered":"<p>Nimacare AB utf\u00f8rer et omfattende milj\u00f8arbeid og vi gj\u00f8r alltid v\u00e5rt beste for \u00e5 begrense v\u00e5re milj\u00f8skader. Som bevis p\u00e5 denne langsiktige jobben har vi blitt tildelt milj\u00f8sertifikatet som viser at vi driver i samsvar med lover og forskrifter som er satt for Stockholms byomr\u00e5de. Nedenfor kan dere laste ned v\u00e5re milj\u00f8retningslinjer og milj\u00f8m\u00e5l.<\/p>\n<p><a href=\"http:\/\/nimacare.se\/uploads\/miljo_2011_2.pdf\" target=\"_blank\" rel=\"noopener\">Milj\u00f8policy &gt;&gt;<\/a><\/p>\n","protected":false},"excerpt":{"rendered":"<p>Nimacare AB utf\u00f8rer et omfattende milj\u00f8arbeid og vi gj\u00f8r alltid v\u00e5rt beste for \u00e5 begrense v\u00e5re milj\u00f8skader. Som bevis p\u00e5 denne langsiktige jobben har vi blitt tildelt milj\u00f8sertifikatet som viser at vi driver i samsvar med lover og forskrifter som er satt for Stockholms byomr\u00e5de. Nedenfor kan dere laste ned v\u00e5re milj\u00f8retningslinjer og milj\u00f8m\u00e5l. Milj\u00f8policy&hellip;<\/p>\n","protected":false},"author":4,"featured_media":0,"parent":0,"menu_order":0,"comment_status":"closed","ping_status":"closed","template":"","meta":{"footnotes":""},"class_list":["post-386","page","type-page","status-publish","hentry"],"_links":{"self":[{"href":"https:\/\/www.nimacare.se\/no\/wp-json\/wp\/v2\/pages\/386"}],"collection":[{"href":"https:\/\/www.nimacare.se\/no\/wp-json\/wp\/v2\/pages"}],"about":[{"href":"https:\/\/www.nimacare.se\/no\/wp-json\/wp\/v2\/types\/page"}],"author":[{"embeddable":true,"href":"https:\/\/www.nimacare.se\/no\/wp-json\/wp\/v2\/users\/4"}],"replies":[{"embeddable":true,"href":"https:\/\/www.nimacare.se\/no\/wp-json\/wp\/v2\/comments?post=386"}],"version-history":[{"count":2,"href":"https:\/\/www.nimacare.se\/no\/wp-json\/wp\/v2\/pages\/386\/revisions"}],"predecessor-version":[{"id":1141,"href":"https:\/\/www.nimacare.se\/no\/wp-json\/wp\/v2\/pages\/386\/revisions\/1141"}],"wp:attachment":[{"href":"https:\/\/www.nimacare.se\/no\/wp-json\/wp\/v2\/media?parent=386"}],"curies":[{"name":"wp","href":"https:\/\/api.w.org\/{rel}","templated":true}]}}